{"id":1339,"date":"2024-07-25T22:52:37","date_gmt":"2024-07-25T19:52:37","guid":{"rendered":"https:\/\/aspro-mple.gr\/luogo\/"},"modified":"2024-11-12T23:36:18","modified_gmt":"2024-11-12T20:36:18","slug":"luogo","status":"publish","type":"page","link":"https:\/\/aspro-mple.gr\/it\/luogo\/","title":{"rendered":"Luogo"},"content":{"rendered":"<p>[et_pb_section fb_built=&#8221;1&#8243; _builder_version=&#8221;4.27.2&#8243; _module_preset=&#8221;default&#8221; background_image=&#8221;https:\/\/aspro-mple.gr\/wp-content\/uploads\/2024\/10\/N1_12.jpg&#8221; height=&#8221;800px&#8221; height_tablet=&#8221;600px&#8221; height_phone=&#8221;400px&#8221; height_last_edited=&#8221;on|phone&#8221; global_colors_info=&#8221;{}&#8221;][et_pb_row _builder_version=&#8221;4.27.0&#8243; _module_preset=&#8221;default&#8221; global_colors_info=&#8221;{}&#8221;][et_pb_column type=&#8221;4_4&#8243; _builder_version=&#8221;4.27.0&#8243; _module_preset=&#8221;default&#8221; global_colors_info=&#8221;{}&#8221;][\/et_pb_column][\/et_pb_row][\/et_pb_section][et_pb_section fb_built=&#8221;1&#8243; custom_padding_last_edited=&#8221;on|phone&#8221; admin_label=&#8221;About&#8221; _builder_version=&#8221;4.27.2&#8243; _module_preset=&#8221;default&#8221; custom_margin_tablet=&#8221;&#8221; custom_margin_phone=&#8221;||0px||false|false&#8221; custom_margin_last_edited=&#8221;on|phone&#8221; custom_padding_tablet=&#8221;&#8221; custom_padding_phone=&#8221;30px||0px||false|false&#8221; locked=&#8221;off&#8221; collapsed=&#8221;on&#8221; global_colors_info=&#8221;{}&#8221;][et_pb_row column_structure=&#8221;1_2,1_2&#8243; use_custom_gutter=&#8221;on&#8221; make_equal=&#8221;on&#8221; _builder_version=&#8221;4.27.2&#8243; _module_preset=&#8221;default&#8221; custom_padding=&#8221;||||false|false&#8221; locked=&#8221;off&#8221; global_colors_info=&#8221;{}&#8221;][et_pb_column type=&#8221;1_2&#8243; _builder_version=&#8221;4.27.0&#8243; _module_preset=&#8221;default&#8221; background_enable_color=&#8221;off&#8221; custom_padding=&#8221;||||false|false&#8221; global_colors_info=&#8221;{}&#8221;][et_pb_text _builder_version=&#8221;4.27.2&#8243; _module_preset=&#8221;64bc1eaf-a7ad-4a5d-89fd-f762a18826ab&#8221; text_font=&#8221;Ubuntu||||||||&#8221; text_text_color=&#8221;#1ea6b2&#8243; text_font_size=&#8221;50px&#8221; text_letter_spacing=&#8221;-3px&#8221; text_line_height=&#8221;1em&#8221; header_6_font=&#8221;|800|||||||&#8221; header_6_font_size=&#8221;40px&#8221; background_enable_color=&#8221;off&#8221; custom_margin=&#8221;||20px||false|false&#8221; custom_padding=&#8221;||||false|false&#8221; animation_style=&#8221;slide&#8221; animation_direction=&#8221;top&#8221; text_font_size_tablet=&#8221;50px&#8221; text_font_size_phone=&#8221;40px&#8221; text_font_size_last_edited=&#8221;on|phone&#8221; border_radii=&#8221;off||||&#8221; border_color_all=&#8221;#FFFFFF&#8221; border_style_all=&#8221;dotted&#8221; locked=&#8221;off&#8221; global_colors_info=&#8221;{}&#8221;]<\/p>\n<p>Luogo<\/p>\n<p>[\/et_pb_text][et_pb_image src=&#8221;https:\/\/aspro-mple.gr\/wp-content\/uploads\/2024\/11\/waves-3-it-1.svg&#8221; title_text=&#8221;waves (3) it&#8221; _builder_version=&#8221;4.27.2&#8243; _module_preset=&#8221;default&#8221; width=&#8221;40%&#8221; max_width_tablet=&#8221;&#8221; max_width_phone=&#8221;39%&#8221; max_width_last_edited=&#8221;on|phone&#8221; custom_margin=&#8221;0px||80px||false|false&#8221; custom_margin_tablet=&#8221;0px||80px||false|false&#8221; custom_margin_phone=&#8221;0px||30px||false|false&#8221; custom_margin_last_edited=&#8221;on|phone&#8221; custom_padding=&#8221;0px||0px||false|false&#8221; animation_style=&#8221;slide&#8221; animation_direction=&#8221;left&#8221; scroll_horizontal_motion_enable=&#8221;on&#8221; scroll_horizontal_motion=&#8221;0|50|50|100|0|0|1&#8243; hover_enabled=&#8221;0&#8243; locked=&#8221;off&#8221; global_colors_info=&#8221;{}&#8221; sticky_enabled=&#8221;0&#8243;][\/et_pb_image][et_pb_button button_url=&#8221;https:\/\/aspro-mple.book-onlinenow.net\/&#8221; url_new_window=&#8221;on&#8221; button_text=&#8221;PRENOTA ORA&#8221; button_alignment=&#8221;left&#8221; _builder_version=&#8221;4.27.2&#8243; _module_preset=&#8221;default&#8221; custom_button=&#8221;on&#8221; button_text_size=&#8221;14px&#8221; button_text_color=&#8221;#1EA6B2&#8243; button_border_width=&#8221;1px&#8221; button_letter_spacing=&#8221;5px&#8221; button_font=&#8221;||||||||&#8221; animation_style=&#8221;bounce&#8221; animation_delay=&#8221;400ms&#8221; button_text_size_tablet=&#8221;14px&#8221; button_text_size_phone=&#8221;12px&#8221; button_text_size_last_edited=&#8221;on|phone&#8221; locked=&#8221;off&#8221; global_colors_info=&#8221;{}&#8221;][\/et_pb_button][\/et_pb_column][et_pb_column type=&#8221;1_2&#8243; _builder_version=&#8221;4.21.0&#8243; _module_preset=&#8221;default&#8221; global_colors_info=&#8221;{}&#8221;][et_pb_text _builder_version=&#8221;4.27.2&#8243; _module_preset=&#8221;5a4ab450-8b66-4290-aca4-20023cc18e42&#8243; text_line_height=&#8221;2.6em&#8221; animation_style=&#8221;flip&#8221; animation_direction=&#8221;left&#8221; global_colors_info=&#8221;{}&#8221;]<\/p>\n<p>Gli appartamenti sono situati <span class=\"text-underline\">a soli<\/span> 200 metri dalla piazza principale (Chora), il castello e il mulino. La fermata dell&#8217;autobus \u00e8 a soli 50 metri, con possibilit\u00e0 di raggiungere altre parti dell&#8217;isola e le spiagge.<\/p>\n<p>[\/et_pb_text][et_pb_text _builder_version=&#8221;4.27.2&#8243; _module_preset=&#8221;5a4ab450-8b66-4290-aca4-20023cc18e42&#8243; text_line_height=&#8221;2.6em&#8221; animation_style=&#8221;flip&#8221; animation_direction=&#8221;left&#8221; animation_delay=&#8221;300ms&#8221; global_colors_info=&#8221;{}&#8221;]<\/p>\n<p>A Chora e Yalos troverete belle taverne tradizionali, dove gustare la <span class=\"text-underline\">cucina tipica greca<\/span>, cos\u00ec come negozi con prodotti caratteristici. L&#8217;area intorno a Aspro Mple \u00e8 calma e tranquilla, cos\u00ec gli ospiti possono rilassarsi e affacciandosi ai balconi possono godersi la vista panoramica.<\/p>\n<p>[\/et_pb_text][\/et_pb_column][\/et_pb_row][\/et_pb_section][et_pb_section fb_built=&#8221;1&#8243; custom_padding_last_edited=&#8221;on|phone&#8221; _builder_version=&#8221;4.27.2&#8243; _module_preset=&#8221;default&#8221; custom_margin=&#8221;||80px||false|false&#8221; custom_padding_tablet=&#8221;&#8221; custom_padding_phone=&#8221;0px||||false|false&#8221; global_colors_info=&#8221;{}&#8221;][et_pb_row column_structure=&#8221;1_5,1_5,1_5,1_5,1_5&#8243; make_equal=&#8221;on&#8221; _builder_version=&#8221;4.27.2&#8243; _module_preset=&#8221;default&#8221; max_width_tablet=&#8221;&#8221; max_width_phone=&#8221;&#8221; max_width_last_edited=&#8221;on|desktop&#8221; custom_margin=&#8221;||80px||false|false&#8221; custom_margin_tablet=&#8221;||80px||false|false&#8221; custom_margin_phone=&#8221;||80px||false|false&#8221; custom_margin_last_edited=&#8221;on|desktop&#8221; global_colors_info=&#8221;{}&#8221;][et_pb_column type=&#8221;1_5&#8243; _builder_version=&#8221;4.27.2&#8243; _module_preset=&#8221;default&#8221; animation_style=&#8221;slide&#8221; animation_direction=&#8221;left&#8221; border_radii=&#8221;on|30px|30px|30px|30px&#8221; border_width_all=&#8221;2px&#8221; border_color_all=&#8221;#1ea6b2&#8243; box_shadow_style=&#8221;preset3&#8243; global_colors_info=&#8221;{}&#8221;][et_pb_blurb title=&#8221;Chora&#8221; use_icon=&#8221;on&#8221; _builder_version=&#8221;4.27.0&#8243; _module_preset=&#8221;default&#8221; header_font=&#8221;|800|||||||&#8221; header_text_align=&#8221;center&#8221; header_letter_spacing=&#8221;-2px&#8221; body_text_align=&#8221;center&#8221; custom_padding=&#8221;30px|10px|30px|10px|true|true&#8221; border_style_all=&#8221;none&#8221; global_colors_info=&#8221;{}&#8221;]<\/p>\n<div style=\"margin-top: 5px;\"><span style=\"font-size: 40px; font-weight: 900; letter-spacing: -4px;color:#1ea6b2\">100<\/span> <span style=\"color:#1ea6b2;font-weight:800\">m<\/span><br \/>\n2&#8242; (a piedi)<\/div>\n<p>[\/et_pb_blurb][\/et_pb_column][et_pb_column type=&#8221;1_5&#8243; _builder_version=&#8221;4.27.2&#8243; _module_preset=&#8221;default&#8221; animation_style=&#8221;slide&#8221; animation_direction=&#8221;left&#8221; animation_delay=&#8221;200ms&#8221; border_radii=&#8221;on|30px|30px|30px|30px&#8221; border_width_all=&#8221;2px&#8221; border_color_all=&#8221;#1ea6b2&#8243; box_shadow_style=&#8221;preset3&#8243; global_colors_info=&#8221;{}&#8221;][et_pb_blurb title=&#8221;Livadi (Spiaggia)&#8221; use_icon=&#8221;on&#8221; _builder_version=&#8221;4.27.0&#8243; _module_preset=&#8221;default&#8221; header_font=&#8221;|800|||||||&#8221; header_text_align=&#8221;center&#8221; header_letter_spacing=&#8221;-2px&#8221; body_text_align=&#8221;center&#8221; custom_padding=&#8221;30px|10px|30px|10px|true|true&#8221; border_style_all=&#8221;none&#8221; global_colors_info=&#8221;{}&#8221;]<\/p>\n<div style=\"margin-top: 5px;\"><span style=\"font-size: 40px; font-weight: 900; letter-spacing: -4px;color:#1ea6b2\">1.500<\/span> <span style=\"color:#1ea6b2;font-weight:800\">m<\/span><br \/>\n15&#8242; (a piedi)<\/div>\n<p>[\/et_pb_blurb][\/et_pb_column][et_pb_column type=&#8221;1_5&#8243; _builder_version=&#8221;4.27.2&#8243; _module_preset=&#8221;default&#8221; animation_style=&#8221;slide&#8221; animation_direction=&#8221;left&#8221; animation_delay=&#8221;400ms&#8221; border_radii=&#8221;on|30px|30px|30px|30px&#8221; border_width_all=&#8221;2px&#8221; border_color_all=&#8221;#1ea6b2&#8243; box_shadow_style=&#8221;preset3&#8243; global_colors_info=&#8221;{}&#8221;][et_pb_blurb title=&#8221;Pera Gialos&#8221; use_icon=&#8221;on&#8221; _builder_version=&#8221;4.27.0&#8243; _module_preset=&#8221;default&#8221; header_font=&#8221;|800|||||||&#8221; header_text_align=&#8221;center&#8221; header_letter_spacing=&#8221;-2px&#8221; body_text_align=&#8221;center&#8221; custom_padding=&#8221;30px|10px|30px|10px|true|true&#8221; border_style_all=&#8221;none&#8221; global_colors_info=&#8221;{}&#8221;]<\/p>\n<div style=\"margin-top: 5px;\"><span style=\"font-size: 40px; font-weight: 900; letter-spacing: -4px;color:#1ea6b2\">800<\/span> <span style=\"color:#1ea6b2;font-weight:800\">m<\/span><br \/>\n10&#8242; (a piedi)<\/div>\n<p>[\/et_pb_blurb][\/et_pb_column][et_pb_column type=&#8221;1_5&#8243; _builder_version=&#8221;4.27.2&#8243; _module_preset=&#8221;default&#8221; animation_style=&#8221;slide&#8221; animation_direction=&#8221;left&#8221; animation_delay=&#8221;600ms&#8221; border_radii=&#8221;on|30px|30px|30px|30px&#8221; border_width_all=&#8221;2px&#8221; border_color_all=&#8221;#1ea6b2&#8243; box_shadow_style=&#8221;preset3&#8243; global_colors_info=&#8221;{}&#8221;][et_pb_blurb title=&#8221;Aeroporto&#8221; use_icon=&#8221;on&#8221; _builder_version=&#8221;4.27.0&#8243; _module_preset=&#8221;default&#8221; header_font=&#8221;|800|||||||&#8221; header_text_align=&#8221;center&#8221; header_letter_spacing=&#8221;-2px&#8221; body_text_align=&#8221;center&#8221; custom_padding=&#8221;30px|10px|30px|10px|true|true&#8221; border_style_all=&#8221;none&#8221; global_colors_info=&#8221;{}&#8221;]<\/p>\n<div style=\"margin-top: 5px;\"><span style=\"font-size: 40px; font-weight: 900; letter-spacing: -4px;color:#1ea6b2\">9<\/span> <span style=\"color:#1ea6b2;font-weight:800\">km<\/span><br \/>\n20&#8242; (in auto)<\/div>\n<p>[\/et_pb_blurb][\/et_pb_column][et_pb_column type=&#8221;1_5&#8243; _builder_version=&#8221;4.27.2&#8243; _module_preset=&#8221;default&#8221; animation_style=&#8221;slide&#8221; animation_direction=&#8221;left&#8221; animation_delay=&#8221;800ms&#8221; border_radii=&#8221;on|30px|30px|30px|30px&#8221; border_width_all=&#8221;2px&#8221; border_color_all=&#8221;#1ea6b2&#8243; box_shadow_style=&#8221;preset3&#8243; global_colors_info=&#8221;{}&#8221;][et_pb_blurb title=&#8221;Port (S. Andrea)&#8221; use_icon=&#8221;on&#8221; _builder_version=&#8221;4.27.0&#8243; _module_preset=&#8221;default&#8221; header_font=&#8221;|800|||||||&#8221; header_text_align=&#8221;center&#8221; header_letter_spacing=&#8221;-2px&#8221; body_text_align=&#8221;center&#8221; custom_padding=&#8221;30px|10px|30px|10px|true|true&#8221; border_style_all=&#8221;none&#8221; global_colors_info=&#8221;{}&#8221;]<\/p>\n<div style=\"margin-top: 5px;\"><span style=\"font-size: 40px; font-weight: 900; letter-spacing: -4px;color:#1ea6b2\">4<\/span> <span style=\"color:#1ea6b2;font-weight:800\">km<\/span><br \/>\n10&#8242; (in auto)<\/div>\n<p>[\/et_pb_blurb][\/et_pb_column][\/et_pb_row][et_pb_row _builder_version=&#8221;4.27.2&#8243; _module_preset=&#8221;default&#8221; global_colors_info=&#8221;{}&#8221;][et_pb_column type=&#8221;4_4&#8243; _builder_version=&#8221;4.27.2&#8243; _module_preset=&#8221;default&#8221; global_colors_info=&#8221;{}&#8221;][et_pb_code _builder_version=&#8221;4.27.2&#8243; _module_preset=&#8221;default&#8221; custom_margin=&#8221;||80px||false|false&#8221; animation_style=&#8221;slide&#8221; global_colors_info=&#8221;{}&#8221;]<iframe src=\"https:\/\/www.google.com\/maps\/embed?pb=!1m18!1m12!1m3!1d3205.3263025353745!2d26.3501357!3d36.54624450000001!2m3!1f0!2f0!3f0!3m2!1i1024!2i768!4f13.1!3m3!1m2!1s0x14a198f8708d912f%3A0xaefcb87d03d08261!2sAspro%20Mple%20Studios!5e0!3m2!1sen!2sgr!4v1730317388680!5m2!1sen!2sgr\" width=\"100%\" height=\"600\" style=\"border:0;\" allowfullscreen=\"\" loading=\"lazy\" referrerpolicy=\"no-referrer-when-downgrade\"><\/iframe>[\/et_pb_code][et_pb_text _builder_version=&#8221;4.27.2&#8243; _module_preset=&#8221;64bc1eaf-a7ad-4a5d-89fd-f762a18826ab&#8221; text_font=&#8221;Ubuntu||||||||&#8221; text_text_color=&#8221;#1ea6b2&#8243; text_font_size=&#8221;30px&#8221; text_letter_spacing=&#8221;-1px&#8221; text_line_height=&#8221;1em&#8221; header_6_font=&#8221;|800|||||||&#8221; header_6_font_size=&#8221;40px&#8221; background_enable_color=&#8221;off&#8221; text_orientation=&#8221;center&#8221; custom_margin=&#8221;||0px||false|false&#8221; custom_padding=&#8221;||||false|false&#8221; animation_style=&#8221;slide&#8221; animation_direction=&#8221;top&#8221; border_radii=&#8221;off||||&#8221; border_color_all=&#8221;#FFFFFF&#8221; border_style_all=&#8221;dotted&#8221; locked=&#8221;off&#8221; global_colors_info=&#8221;{}&#8221;]<\/p>\n<p>Istruzioni per l&#8217;accesso<\/p>\n<p>[\/et_pb_text][et_pb_text _builder_version=&#8221;4.27.2&#8243; _module_preset=&#8221;default&#8221; text_font=&#8221;|700|||||||&#8221; text_text_color=&#8221;#1ea6b2&#8243; text_orientation=&#8221;center&#8221; animation_style=&#8221;slide&#8221; animation_direction=&#8221;left&#8221; global_colors_info=&#8221;{}&#8221;]<\/p>\n<p>in auto dal porto vecchio (Pera Gialos)<\/p>\n<p>[\/et_pb_text][et_pb_blurb use_icon=&#8221;on&#8221; font_icon=&#8221;&#x3d;||divi||400&#8243; icon_placement=&#8221;left&#8221; image_icon_width=&#8221;23px&#8221; _builder_version=&#8221;4.27.2&#8243; _module_preset=&#8221;default&#8221; custom_margin=&#8221;||10px||false|false&#8221; animation_style=&#8221;slide&#8221; animation_direction=&#8221;left&#8221; custom_css_blurb_image=&#8221;padding-top:9px&#8221; global_colors_info=&#8221;{}&#8221;]<\/p>\n<p>Seguire tutte le indicazioni per CHORA<\/p>\n<p>[\/et_pb_blurb][et_pb_blurb use_icon=&#8221;on&#8221; font_icon=&#8221;&#x3d;||divi||400&#8243; icon_placement=&#8221;left&#8221; image_icon_width=&#8221;23px&#8221; _builder_version=&#8221;4.27.2&#8243; _module_preset=&#8221;default&#8221; body_line_height=&#8221;1.9em&#8221; custom_margin=&#8221;||5px||false|false&#8221; animation_style=&#8221;slide&#8221; animation_direction=&#8221;left&#8221; custom_css_blurb_image=&#8221;padding-top:5px&#8221; global_colors_info=&#8221;{}&#8221;]<\/p>\n<p>Quando si arriva molto vicino al Castello e ai mulini, poco prima che la strada diventi molto stretta e c&#8217;\u00e8 un cartello con una svolta a destra per PANORMO-FLEVARYOTISSA-AGIO IOANNI. C&#8217;\u00e8 l&#8217;inversione e tu. <\/p>\n<p>[\/et_pb_blurb][et_pb_blurb use_icon=&#8221;on&#8221; font_icon=&#8221;&#x3d;||divi||400&#8243; icon_placement=&#8221;left&#8221; image_icon_width=&#8221;23px&#8221; _builder_version=&#8221;4.27.2&#8243; _module_preset=&#8221;default&#8221; body_line_height=&#8221;1.9em&#8221; custom_margin=&#8221;||10px||false|false&#8221; animation_style=&#8221;slide&#8221; animation_direction=&#8221;left&#8221; custom_css_blurb_image=&#8221;padding-top:5px&#8221; global_colors_info=&#8221;{}&#8221;]<\/p>\n<p>Proseguire per 2 minuti guidando <strong>SOLO <\/strong>su asfalto fino al termine della strada.<\/p>\n<p>[\/et_pb_blurb][et_pb_blurb use_icon=&#8221;on&#8221; font_icon=&#8221;&#x3d;||divi||400&#8243; icon_placement=&#8221;left&#8221; image_icon_width=&#8221;23px&#8221; _builder_version=&#8221;4.27.2&#8243; _module_preset=&#8221;default&#8221; body_line_height=&#8221;1.9em&#8221; custom_margin=&#8221;||10px||false|false&#8221; animation_style=&#8221;slide&#8221; animation_direction=&#8221;left&#8221; custom_css_blurb_image=&#8221;padding-top:5px&#8221; global_colors_info=&#8221;{}&#8221;]Alla fine del percorso il 3\u00b0 parcheggio sulla destra \u00e8 Aspro Ble e l&#8217;alloggio \u00e8 sulla destra.[\/et_pb_blurb][et_pb_blurb use_icon=&#8221;on&#8221; font_icon=&#8221;&#x3d;||divi||400&#8243; icon_placement=&#8221;left&#8221; image_icon_width=&#8221;23px&#8221; _builder_version=&#8221;4.27.2&#8243; _module_preset=&#8221;default&#8221; body_line_height=&#8221;1.9em&#8221; custom_margin=&#8221;||80px||false|false&#8221; animation_style=&#8221;slide&#8221; animation_direction=&#8221;left&#8221; custom_css_blurb_image=&#8221;padding-top:5px&#8221; global_colors_info=&#8221;{}&#8221;]<\/p>\n<p><strong>BENVENUTO!<\/strong><\/p>\n<p>[\/et_pb_blurb][et_pb_image src=&#8221;https:\/\/aspro-mple.gr\/wp-content\/uploads\/2024\/10\/Screenshot_4.png&#8221; title_text=&#8221;Screenshot_4&#8243; show_in_lightbox=&#8221;on&#8221; _builder_version=&#8221;4.27.2&#8243; _module_preset=&#8221;default&#8221; width=&#8221;80%&#8221; width_tablet=&#8221;80%&#8221; width_phone=&#8221;100%&#8221; width_last_edited=&#8221;on|phone&#8221; max_width=&#8221;100%&#8221; module_alignment=&#8221;center&#8221; animation_style=&#8221;bounce&#8221; global_colors_info=&#8221;{}&#8221;][\/et_pb_image][\/et_pb_column][\/et_pb_row][\/et_pb_section]<\/p>\n","protected":false},"excerpt":{"rendered":"<p>LuogoGli appartamenti sono situati a soli 200 metri dalla piazza principale (Chora), il castello e il mulino. La fermata dell&#8217;autobus \u00e8 a soli 50 metri, con possibilit\u00e0 di raggiungere altre parti dell&#8217;isola e le spiagge.A Chora e Yalos troverete belle taverne tradizionali, dove gustare la cucina tipica greca, cos\u00ec come negozi con prodotti caratteristici. L&#8217;area [&hellip;]<\/p>\n","protected":false},"author":1,"featured_media":0,"parent":0,"menu_order":200,"comment_status":"closed","ping_status":"closed","template":"","meta":{"_et_pb_use_builder":"on","_et_pb_old_content":"","_et_gb_content_width":"","inline_featured_image":false,"footnotes":""},"class_list":["post-1339","page","type-page","status-publish","hentry"],"_links":{"self":[{"href":"https:\/\/aspro-mple.gr\/it\/wp-json\/wp\/v2\/pages\/1339","targetHints":{"allow":["GET"]}}],"collection":[{"href":"https:\/\/aspro-mple.gr\/it\/wp-json\/wp\/v2\/pages"}],"about":[{"href":"https:\/\/aspro-mple.gr\/it\/wp-json\/wp\/v2\/types\/page"}],"author":[{"embeddable":true,"href":"https:\/\/aspro-mple.gr\/it\/wp-json\/wp\/v2\/users\/1"}],"replies":[{"embeddable":true,"href":"https:\/\/aspro-mple.gr\/it\/wp-json\/wp\/v2\/comments?post=1339"}],"version-history":[{"count":16,"href":"https:\/\/aspro-mple.gr\/it\/wp-json\/wp\/v2\/pages\/1339\/revisions"}],"predecessor-version":[{"id":1650,"href":"https:\/\/aspro-mple.gr\/it\/wp-json\/wp\/v2\/pages\/1339\/revisions\/1650"}],"wp:attachment":[{"href":"https:\/\/aspro-mple.gr\/it\/wp-json\/wp\/v2\/media?parent=1339"}],"curies":[{"name":"wp","href":"https:\/\/api.w.org\/{rel}","templated":true}]}}